{"id":10,"date":"2013-10-16T12:49:27","date_gmt":"2013-10-16T12:49:27","guid":{"rendered":"http:\/\/127.0.0.1\/pastadabruzzo\/?page_id=10"},"modified":"2024-11-29T09:52:13","modified_gmt":"2024-11-29T09:52:13","slug":"kontakt","status":"publish","type":"page","link":"https:\/\/www.pastadabruzzo.de\/?page_id=10","title":{"rendered":"Impressum"},"content":{"rendered":"\n<address>\nKatja Di Cioccio<br \/>\nAlt-Moabit 78<br \/>\n10555 Berlin<br \/>\nTel: <a href=\"tel:03020256844\">(030) 20256844<\/a><br \/>\nMobil: <a href=\"tel:015778822305\">01577 8822305<\/a><br \/>\nE-Mail: <a href=\"mailto:dc@pastadabruzzo.de\">dc@pastadabruzzo.de<\/a>\n<\/address>\n\n\n\n<p>Ust-ID.Nr. DE277060147<br><br>Inhaltlich verantwortlich im Sinne vom \u00a7 10 Abs. 3 MDStV: Katja Di Cioccio.<\/p>\n\n\n\n<p>Die Ver\u00f6ffentlichungen auf diesen Seiten unterliegen dem deutschen Urheberrecht. Beitr\u00e4ge Dritter sind als solche gekennzeichnet. Vervielf\u00e4ltigung, Bearbeitung und jede Art der Verwertung au\u00dferhalb der Grenzen des Urheberrechts bed\u00fcrfen der schriftlichen Zustimmung von Katja Di Cioccio oder des jeweiligen Verfassers. Downloads und Kopien dieser Seite sind nur f\u00fcr den privaten, nichtkommerziellen Gebrauch gestattet.<br>Die Inhalte dieser Seiten werden mit gr\u00f6\u00dfter Sorgfalt erstellt. F\u00fcr Richtigkeit, Vollst\u00e4ndigkeit und Aktualit\u00e4t dieser Inhalte kann jedoch keine Haftung \u00fcbernommen werden.<\/p>\n","protected":false},"excerpt":{"rendered":"<p>Katja Di Cioccio Alt-Moabit 78 10555 Berlin Tel: (030) 20256844 Mobil: 01577 8822305 E-Mail: dc@pastadabruzzo.de Ust-ID.Nr. DE277060147 Inhaltlich verantwortlich im Sinne vom \u00a7 10 Abs. 3 MDStV: Katja Di Cioccio. Die Ver\u00f6ffentlichungen auf diesen Seiten unterliegen dem deutschen Urheberrecht. Beitr\u00e4ge Dritter sind als solche gekennzeichnet. Vervielf\u00e4ltigung, Bearbeitung und jede Art der Verwertung au\u00dferhalb der Grenzen [&hellip;]<\/p>\n","protected":false},"author":1,"featured_media":1729,"parent":0,"menu_order":0,"comment_status":"closed","ping_status":"closed","template":"full-page.php","meta":{"footnotes":""},"class_list":["post-10","page","type-page","status-publish","has-post-thumbnail","hentry"],"jetpack_sharing_enabled":true,"_links":{"self":[{"href":"https:\/\/www.pastadabruzzo.de\/index.php?rest_route=\/wp\/v2\/pages\/10","targetHints":{"allow":["GET"]}}],"collection":[{"href":"https:\/\/www.pastadabruzzo.de\/index.php?rest_route=\/wp\/v2\/pages"}],"about":[{"href":"https:\/\/www.pastadabruzzo.de\/index.php?rest_route=\/wp\/v2\/types\/page"}],"author":[{"embeddable":true,"href":"https:\/\/www.pastadabruzzo.de\/index.php?rest_route=\/wp\/v2\/users\/1"}],"replies":[{"embeddable":true,"href":"https:\/\/www.pastadabruzzo.de\/index.php?rest_route=%2Fwp%2Fv2%2Fcomments&post=10"}],"version-history":[{"count":59,"href":"https:\/\/www.pastadabruzzo.de\/index.php?rest_route=\/wp\/v2\/pages\/10\/revisions"}],"predecessor-version":[{"id":1863,"href":"https:\/\/www.pastadabruzzo.de\/index.php?rest_route=\/wp\/v2\/pages\/10\/revisions\/1863"}],"wp:featuredmedia":[{"embeddable":true,"href":"https:\/\/www.pastadabruzzo.de\/index.php?rest_route=\/wp\/v2\/media\/1729"}],"wp:attachment":[{"href":"https:\/\/www.pastadabruzzo.de\/index.php?rest_route=%2Fwp%2Fv2%2Fmedia&parent=10"}],"curies":[{"name":"wp","href":"https:\/\/api.w.org\/{rel}","templated":true}]}}